{"id":16,"date":"2020-11-24T10:25:55","date_gmt":"2020-11-24T10:25:55","guid":{"rendered":"https:\/\/rsi-grafica.it\/?page_id=16"},"modified":"2026-03-17T22:11:56","modified_gmt":"2026-03-17T21:11:56","slug":"servizi","status":"publish","type":"page","link":"https:\/\/www.hobby-market.com\/index.php\/servizi\/","title":{"rendered":"Servizi"},"content":{"rendered":"\t\t<div data-elementor-type=\"wp-page\" data-elementor-id=\"16\" class=\"elementor elementor-16\" data-elementor-post-type=\"page\">\n\t\t\t\t\t\t<section class=\"elementor-section elementor-top-section elementor-element elementor-element-eba41e7 elementor-section-boxed elementor-section-height-default elementor-section-height-default\" data-id=\"eba41e7\" data-element_type=\"section\" data-e-type=\"section\">\n\t\t\t\t\t\t<div class=\"elementor-container elementor-column-gap-default\">\n\t\t\t\t\t<div class=\"elementor-column elementor-col-100 elementor-top-column elementor-element elementor-element-5dd0ba8\" data-id=\"5dd0ba8\" data-element_type=\"column\" data-e-type=\"column\">\n\t\t\t<div class=\"elementor-widget-wrap elementor-element-populated\">\n\t\t\t\t\t\t<div class=\"elementor-element elementor-element-2fab7d3 elementor-widget elementor-widget-spacer\" data-id=\"2fab7d3\" data-element_type=\"widget\" data-e-type=\"widget\" data-widget_type=\"spacer.default\">\n\t\t\t\t\t\t\t<div class=\"elementor-spacer\">\n\t\t\t<div class=\"elementor-spacer-inner\"><\/div>\n\t\t<\/div>\n\t\t\t\t\t\t<\/div>\n\t\t\t\t\t<\/div>\n\t\t<\/div>\n\t\t\t\t\t<\/div>\n\t\t<\/section>\n\t\t\t\t<section class=\"elementor-section elementor-top-section elementor-element elementor-element-3db06dfe elementor-section-content-middle elementor-section-boxed elementor-section-height-default elementor-section-height-default\" data-id=\"3db06dfe\" data-element_type=\"section\" data-e-type=\"section\">\n\t\t\t\t\t\t<div class=\"elementor-container elementor-column-gap-no\">\n\t\t\t\t\t<div class=\"elementor-column elementor-col-100 elementor-top-column elementor-element elementor-element-18c7866e\" data-id=\"18c7866e\" data-element_type=\"column\" data-e-type=\"column\">\n\t\t\t<div class=\"elementor-widget-wrap elementor-element-populated\">\n\t\t\t\t\t\t<div class=\"elementor-element elementor-element-73885e50 elementor-widget elementor-widget-heading\" data-id=\"73885e50\" data-element_type=\"widget\" data-e-type=\"widget\" data-widget_type=\"heading.default\">\n\t\t\t\t\t<h4 class=\"elementor-heading-title elementor-size-default\">Servizi<\/h4>\t\t\t\t<\/div>\n\t\t\t\t<section class=\"elementor-section elementor-inner-section elementor-element elementor-element-3aae53b elementor-section-content-middle elementor-section-boxed elementor-section-height-default elementor-section-height-default\" data-id=\"3aae53b\" data-element_type=\"section\" data-e-type=\"section\">\n\t\t\t\t\t\t<div class=\"elementor-container elementor-column-gap-no\">\n\t\t\t\t\t<div class=\"elementor-column elementor-col-33 elementor-inner-column elementor-element elementor-element-20d6c44c\" data-id=\"20d6c44c\" data-element_type=\"column\" data-e-type=\"column\">\n\t\t\t<div class=\"elementor-widget-wrap elementor-element-populated\">\n\t\t\t\t\t\t<div class=\"elementor-element elementor-element-77d10b70 elementor-position-top elementor-widget elementor-widget-image-box\" data-id=\"77d10b70\" data-element_type=\"widget\" data-e-type=\"widget\" data-widget_type=\"image-box.default\">\n\t\t\t\t\t<div class=\"elementor-image-box-wrapper\"><figure class=\"elementor-image-box-img\"><a href=\"https:\/\/www.hobby-market.com\/index.php\/falegnameria\/\" falegnameria=\"Mobili su misura - Hobby Market\" tabindex=\"-1\"><img fetchpriority=\"high\" decoding=\"async\" width=\"641\" height=\"602\" src=\"https:\/\/www.hobby-market.com\/wp-content\/uploads\/2020\/11\/Taglio-Legno.png\" class=\"elementor-animation-grow attachment-full size-full wp-image-59\" alt=\"\" srcset=\"https:\/\/www.hobby-market.com\/wp-content\/uploads\/2020\/11\/Taglio-Legno.png 641w, https:\/\/www.hobby-market.com\/wp-content\/uploads\/2020\/11\/Taglio-Legno-300x282.png 300w\" sizes=\"(max-width: 641px) 100vw, 641px\" \/><\/a><\/figure><div class=\"elementor-image-box-content\"><h3 class=\"elementor-image-box-title\"><a href=\"https:\/\/www.hobby-market.com\/index.php\/falegnameria\/\" falegnameria=\"Mobili su misura - Hobby Market\">Taglio legno<\/a><\/h3><p class=\"elementor-image-box-description\">Taglio legno - taglio e lavorazioni su pannelli di legno, mobili su misura, falegnameria<\/p><\/div><\/div>\t\t\t\t<\/div>\n\t\t\t\t\t<\/div>\n\t\t<\/div>\n\t\t\t\t<div class=\"elementor-column elementor-col-33 elementor-inner-column elementor-element elementor-element-0371b24\" data-id=\"0371b24\" data-element_type=\"column\" data-e-type=\"column\">\n\t\t\t<div class=\"elementor-widget-wrap elementor-element-populated\">\n\t\t\t\t\t\t<div class=\"elementor-element elementor-element-c5b59ef elementor-position-top elementor-widget elementor-widget-image-box\" data-id=\"c5b59ef\" data-element_type=\"widget\" data-e-type=\"widget\" data-widget_type=\"image-box.default\">\n\t\t\t\t\t<div class=\"elementor-image-box-wrapper\"><figure class=\"elementor-image-box-img\"><img decoding=\"async\" width=\"641\" height=\"602\" src=\"https:\/\/www.hobby-market.com\/wp-content\/uploads\/2020\/11\/Taglio.png\" class=\"elementor-animation-grow attachment-full size-full wp-image-163\" alt=\"\" srcset=\"https:\/\/www.hobby-market.com\/wp-content\/uploads\/2020\/11\/Taglio.png 641w, https:\/\/www.hobby-market.com\/wp-content\/uploads\/2020\/11\/Taglio-300x282.png 300w\" sizes=\"(max-width: 641px) 100vw, 641px\" \/><\/figure><div class=\"elementor-image-box-content\"><h3 class=\"elementor-image-box-title\">Taglio<\/h3><p class=\"elementor-image-box-description\">Servizio taglio di zerbini, prato sintetico e linoleum su misura<\/p><\/div><\/div>\t\t\t\t<\/div>\n\t\t\t\t\t<\/div>\n\t\t<\/div>\n\t\t\t\t<div class=\"elementor-column elementor-col-33 elementor-inner-column elementor-element elementor-element-21cd94d\" data-id=\"21cd94d\" data-element_type=\"column\" data-e-type=\"column\">\n\t\t\t<div class=\"elementor-widget-wrap elementor-element-populated\">\n\t\t\t\t\t\t<div class=\"elementor-element elementor-element-64c1fa2 elementor-position-top elementor-widget elementor-widget-image-box\" data-id=\"64c1fa2\" data-element_type=\"widget\" data-e-type=\"widget\" data-widget_type=\"image-box.default\">\n\t\t\t\t\t<div class=\"elementor-image-box-wrapper\"><figure class=\"elementor-image-box-img\"><img decoding=\"async\" width=\"641\" height=\"602\" src=\"https:\/\/www.hobby-market.com\/wp-content\/uploads\/2020\/11\/Stoffa.png\" class=\"elementor-animation-grow attachment-full size-full wp-image-165\" alt=\"\" srcset=\"https:\/\/www.hobby-market.com\/wp-content\/uploads\/2020\/11\/Stoffa.png 641w, https:\/\/www.hobby-market.com\/wp-content\/uploads\/2020\/11\/Stoffa-300x282.png 300w\" sizes=\"(max-width: 641px) 100vw, 641px\" \/><\/figure><div class=\"elementor-image-box-content\"><h3 class=\"elementor-image-box-title\">Tessuti su misura<\/h3><p class=\"elementor-image-box-description\">Taglio di tessuti, zerbini e linoleum su misura<\/p><\/div><\/div>\t\t\t\t<\/div>\n\t\t\t\t\t<\/div>\n\t\t<\/div>\n\t\t\t\t\t<\/div>\n\t\t<\/section>\n\t\t\t\t<section class=\"elementor-section elementor-inner-section elementor-element elementor-element-e82079b elementor-section-content-middle elementor-section-boxed elementor-section-height-default elementor-section-height-default\" data-id=\"e82079b\" data-element_type=\"section\" data-e-type=\"section\">\n\t\t\t\t\t\t<div class=\"elementor-container elementor-column-gap-no\">\n\t\t\t\t\t<div class=\"elementor-column elementor-col-33 elementor-inner-column elementor-element elementor-element-1b5a200\" data-id=\"1b5a200\" data-element_type=\"column\" data-e-type=\"column\">\n\t\t\t<div class=\"elementor-widget-wrap elementor-element-populated\">\n\t\t\t\t\t\t<div class=\"elementor-element elementor-element-2dc14db elementor-position-top elementor-widget elementor-widget-image-box\" data-id=\"2dc14db\" data-element_type=\"widget\" data-e-type=\"widget\" data-widget_type=\"image-box.default\">\n\t\t\t\t\t<div class=\"elementor-image-box-wrapper\"><figure class=\"elementor-image-box-img\"><img loading=\"lazy\" decoding=\"async\" width=\"641\" height=\"602\" src=\"https:\/\/www.hobby-market.com\/wp-content\/uploads\/2020\/11\/Progettazione.png\" class=\"elementor-animation-grow attachment-full size-full wp-image-57\" alt=\"\" srcset=\"https:\/\/www.hobby-market.com\/wp-content\/uploads\/2020\/11\/Progettazione.png 641w, https:\/\/www.hobby-market.com\/wp-content\/uploads\/2020\/11\/Progettazione-300x282.png 300w\" sizes=\"(max-width: 641px) 100vw, 641px\" \/><\/figure><div class=\"elementor-image-box-content\"><h3 class=\"elementor-image-box-title\">Progettazione<\/h3><p class=\"elementor-image-box-description\">Progettazione pergole e strutture in legno su misura<\/p><\/div><\/div>\t\t\t\t<\/div>\n\t\t\t\t\t<\/div>\n\t\t<\/div>\n\t\t\t\t<div class=\"elementor-column elementor-col-33 elementor-inner-column elementor-element elementor-element-1a467c5\" data-id=\"1a467c5\" data-element_type=\"column\" data-e-type=\"column\">\n\t\t\t<div class=\"elementor-widget-wrap elementor-element-populated\">\n\t\t\t\t\t\t<div class=\"elementor-element elementor-element-57a38ac elementor-position-top elementor-widget elementor-widget-image-box\" data-id=\"57a38ac\" data-element_type=\"widget\" data-e-type=\"widget\" data-widget_type=\"image-box.default\">\n\t\t\t\t\t<div class=\"elementor-image-box-wrapper\"><figure class=\"elementor-image-box-img\"><img loading=\"lazy\" decoding=\"async\" width=\"641\" height=\"602\" src=\"https:\/\/www.hobby-market.com\/wp-content\/uploads\/2020\/11\/Tintometro.png\" class=\"elementor-animation-grow attachment-full size-full wp-image-60\" alt=\"\" srcset=\"https:\/\/www.hobby-market.com\/wp-content\/uploads\/2020\/11\/Tintometro.png 641w, https:\/\/www.hobby-market.com\/wp-content\/uploads\/2020\/11\/Tintometro-300x282.png 300w\" sizes=\"(max-width: 641px) 100vw, 641px\" \/><\/figure><div class=\"elementor-image-box-content\"><h3 class=\"elementor-image-box-title\">Tintometro<\/h3><p class=\"elementor-image-box-description\">Pitture e vernici in oltre 1200 colori disponibili con sistema tintometro<\/p><\/div><\/div>\t\t\t\t<\/div>\n\t\t\t\t\t<\/div>\n\t\t<\/div>\n\t\t\t\t<div class=\"elementor-column elementor-col-33 elementor-inner-column elementor-element elementor-element-ef252b7\" data-id=\"ef252b7\" data-element_type=\"column\" data-e-type=\"column\">\n\t\t\t<div class=\"elementor-widget-wrap elementor-element-populated\">\n\t\t\t\t\t\t<div class=\"elementor-element elementor-element-ef5aea2 elementor-position-top elementor-widget elementor-widget-image-box\" data-id=\"ef5aea2\" data-element_type=\"widget\" data-e-type=\"widget\" data-widget_type=\"image-box.default\">\n\t\t\t\t\t<div class=\"elementor-image-box-wrapper\"><figure class=\"elementor-image-box-img\"><img loading=\"lazy\" decoding=\"async\" width=\"641\" height=\"602\" src=\"https:\/\/www.hobby-market.com\/wp-content\/uploads\/2020\/11\/Domicilio.png\" class=\"elementor-animation-grow attachment-full size-full wp-image-166\" alt=\"\" srcset=\"https:\/\/www.hobby-market.com\/wp-content\/uploads\/2020\/11\/Domicilio.png 641w, https:\/\/www.hobby-market.com\/wp-content\/uploads\/2020\/11\/Domicilio-300x282.png 300w\" sizes=\"(max-width: 641px) 100vw, 641px\" \/><\/figure><div class=\"elementor-image-box-content\"><h3 class=\"elementor-image-box-title\">Consegna a domicilio<\/h3><p class=\"elementor-image-box-description\">Si effettuano consegne a domicilio<\/p><\/div><\/div>\t\t\t\t<\/div>\n\t\t\t\t\t<\/div>\n\t\t<\/div>\n\t\t\t\t\t<\/div>\n\t\t<\/section>\n\t\t\t\t<section class=\"elementor-section elementor-inner-section elementor-element elementor-element-1277beb elementor-section-content-middle elementor-section-boxed elementor-section-height-default elementor-section-height-default\" data-id=\"1277beb\" data-element_type=\"section\" data-e-type=\"section\">\n\t\t\t\t\t\t<div class=\"elementor-container elementor-column-gap-no\">\n\t\t\t\t\t<div class=\"elementor-column elementor-col-33 elementor-inner-column elementor-element elementor-element-247b184\" data-id=\"247b184\" data-element_type=\"column\" data-e-type=\"column\">\n\t\t\t<div class=\"elementor-widget-wrap elementor-element-populated\">\n\t\t\t\t\t\t<div class=\"elementor-element elementor-element-4b15db3 elementor-position-top elementor-widget elementor-widget-image-box\" data-id=\"4b15db3\" data-element_type=\"widget\" data-e-type=\"widget\" data-widget_type=\"image-box.default\">\n\t\t\t\t\t<div class=\"elementor-image-box-wrapper\"><figure class=\"elementor-image-box-img\"><img loading=\"lazy\" decoding=\"async\" width=\"1024\" height=\"1024\" src=\"https:\/\/www.hobby-market.com\/wp-content\/uploads\/2026\/03\/duplicazione-chiavi.png\" class=\"elementor-animation-grow attachment-full size-full wp-image-1672\" alt=\"Duplicazione chiavi FDT\" srcset=\"https:\/\/www.hobby-market.com\/wp-content\/uploads\/2026\/03\/duplicazione-chiavi.png 1024w, https:\/\/www.hobby-market.com\/wp-content\/uploads\/2026\/03\/duplicazione-chiavi-300x300.png 300w, https:\/\/www.hobby-market.com\/wp-content\/uploads\/2026\/03\/duplicazione-chiavi-150x150.png 150w, https:\/\/www.hobby-market.com\/wp-content\/uploads\/2026\/03\/duplicazione-chiavi-768x768.png 768w\" sizes=\"(max-width: 1024px) 100vw, 1024px\" \/><\/figure><div class=\"elementor-image-box-content\"><h3 class=\"elementor-image-box-title\">Duplicazioni Chiavi<\/h3><p class=\"elementor-image-box-description\">Duplicazioni chiavi e telecomandi: chiavi semplici, chiavi a doppia mappa, chiavi punzonate, duplicazione telecomandi per cancelli e box <\/p><\/div><\/div>\t\t\t\t<\/div>\n\t\t\t\t\t<\/div>\n\t\t<\/div>\n\t\t\t\t<div class=\"elementor-column elementor-col-33 elementor-inner-column elementor-element elementor-element-8b64e54\" data-id=\"8b64e54\" data-element_type=\"column\" data-e-type=\"column\">\n\t\t\t<div class=\"elementor-widget-wrap elementor-element-populated\">\n\t\t\t\t\t\t<div class=\"elementor-element elementor-element-a467bf5 elementor-position-top elementor-widget elementor-widget-image-box\" data-id=\"a467bf5\" data-element_type=\"widget\" data-e-type=\"widget\" data-widget_type=\"image-box.default\">\n\t\t\t\t\t<div class=\"elementor-image-box-wrapper\"><figure class=\"elementor-image-box-img\"><img loading=\"lazy\" decoding=\"async\" width=\"1024\" height=\"1024\" src=\"https:\/\/www.hobby-market.com\/wp-content\/uploads\/2026\/03\/irrigazione.png\" class=\"elementor-animation-grow attachment-full size-full wp-image-1673\" alt=\"irrigazione FDT\" srcset=\"https:\/\/www.hobby-market.com\/wp-content\/uploads\/2026\/03\/irrigazione.png 1024w, https:\/\/www.hobby-market.com\/wp-content\/uploads\/2026\/03\/irrigazione-300x300.png 300w, https:\/\/www.hobby-market.com\/wp-content\/uploads\/2026\/03\/irrigazione-150x150.png 150w, https:\/\/www.hobby-market.com\/wp-content\/uploads\/2026\/03\/irrigazione-768x768.png 768w\" sizes=\"(max-width: 1024px) 100vw, 1024px\" \/><\/figure><div class=\"elementor-image-box-content\"><h3 class=\"elementor-image-box-title\">Impianti di Irrigazione<\/h3><p class=\"elementor-image-box-description\">Progettiamo e realizziamo impianti di irrigazione efficienti e su misura per giardini, orti e spazi verdi.\nSoluzioni automatiche e manuali<\/p><\/div><\/div>\t\t\t\t<\/div>\n\t\t\t\t\t<\/div>\n\t\t<\/div>\n\t\t\t\t<div class=\"elementor-column elementor-col-33 elementor-inner-column elementor-element elementor-element-c39de3b\" data-id=\"c39de3b\" data-element_type=\"column\" data-e-type=\"column\">\n\t\t\t<div class=\"elementor-widget-wrap elementor-element-populated\">\n\t\t\t\t\t\t<div class=\"elementor-element elementor-element-0819a48 elementor-position-top elementor-widget elementor-widget-image-box\" data-id=\"0819a48\" data-element_type=\"widget\" data-e-type=\"widget\" data-widget_type=\"image-box.default\">\n\t\t\t\t\t<div class=\"elementor-image-box-wrapper\"><figure class=\"elementor-image-box-img\"><img loading=\"lazy\" decoding=\"async\" width=\"641\" height=\"602\" src=\"https:\/\/www.hobby-market.com\/wp-content\/uploads\/2020\/11\/Bancomat.png\" class=\"elementor-animation-grow attachment-full size-full wp-image-167\" alt=\"\" srcset=\"https:\/\/www.hobby-market.com\/wp-content\/uploads\/2020\/11\/Bancomat.png 641w, https:\/\/www.hobby-market.com\/wp-content\/uploads\/2020\/11\/Bancomat-300x282.png 300w\" sizes=\"(max-width: 641px) 100vw, 641px\" \/><\/figure><div class=\"elementor-image-box-content\"><h3 class=\"elementor-image-box-title\">Fatturazione<\/h3><p class=\"elementor-image-box-description\">Per offrire la massima comodit\u00e0, accettiamo diversi metodi di pagamento, carte di credito e bancomat.<\/p><\/div><\/div>\t\t\t\t<\/div>\n\t\t\t\t\t<\/div>\n\t\t<\/div>\n\t\t\t\t\t<\/div>\n\t\t<\/section>\n\t\t\t\t<section class=\"elementor-section elementor-inner-section elementor-element elementor-element-04ee997 elementor-section-content-middle elementor-section-boxed elementor-section-height-default elementor-section-height-default\" data-id=\"04ee997\" data-element_type=\"section\" data-e-type=\"section\">\n\t\t\t\t\t\t<div class=\"elementor-container elementor-column-gap-no\">\n\t\t\t\t\t<div class=\"elementor-column elementor-col-33 elementor-inner-column elementor-element elementor-element-5d1321c\" data-id=\"5d1321c\" data-element_type=\"column\" data-e-type=\"column\">\n\t\t\t<div class=\"elementor-widget-wrap\">\n\t\t\t\t\t\t\t<\/div>\n\t\t<\/div>\n\t\t\t\t<div class=\"elementor-column elementor-col-33 elementor-inner-column elementor-element elementor-element-8d91e90\" data-id=\"8d91e90\" data-element_type=\"column\" data-e-type=\"column\">\n\t\t\t<div class=\"elementor-widget-wrap\">\n\t\t\t\t\t\t\t<\/div>\n\t\t<\/div>\n\t\t\t\t<div class=\"elementor-column elementor-col-33 elementor-inner-column elementor-element elementor-element-6713724\" data-id=\"6713724\" data-element_type=\"column\" data-e-type=\"column\">\n\t\t\t<div class=\"elementor-widget-wrap\">\n\t\t\t\t\t\t\t<\/div>\n\t\t<\/div>\n\t\t\t\t\t<\/div>\n\t\t<\/section>\n\t\t\t\t\t<\/div>\n\t\t<\/div>\n\t\t\t\t\t<\/div>\n\t\t<\/section>\n\t\t\t\t<section class=\"elementor-section elementor-top-section elementor-element elementor-element-eee9bf0 elementor-section-boxed elementor-section-height-default elementor-section-height-default\" data-id=\"eee9bf0\" data-element_type=\"section\" data-e-type=\"section\">\n\t\t\t\t\t\t<div class=\"elementor-container elementor-column-gap-default\">\n\t\t\t\t\t<div class=\"elementor-column elementor-col-100 elementor-top-column elementor-element elementor-element-0432e11\" data-id=\"0432e11\" data-element_type=\"column\" data-e-type=\"column\">\n\t\t\t<div class=\"elementor-widget-wrap elementor-element-populated\">\n\t\t\t\t\t\t<div class=\"elementor-element elementor-element-40373b5 elementor-widget elementor-widget-theme-post-featured-image elementor-widget-image\" data-id=\"40373b5\" data-element_type=\"widget\" data-e-type=\"widget\" data-widget_type=\"theme-post-featured-image.default\">\n\t\t\t\t\t\t\t\t\t\t\t\t\t\t\t<img loading=\"lazy\" decoding=\"async\" width=\"1536\" height=\"650\" src=\"https:\/\/www.hobby-market.com\/wp-content\/uploads\/2020\/11\/Servizi-1536x650.png\" class=\"attachment-1536x1536 size-1536x1536 wp-image-149\" alt=\"\" srcset=\"https:\/\/www.hobby-market.com\/wp-content\/uploads\/2020\/11\/Servizi-1536x650.png 1536w, https:\/\/www.hobby-market.com\/wp-content\/uploads\/2020\/11\/Servizi-300x127.png 300w, https:\/\/www.hobby-market.com\/wp-content\/uploads\/2020\/11\/Servizi-1024x433.png 1024w, https:\/\/www.hobby-market.com\/wp-content\/uploads\/2020\/11\/Servizi-768x325.png 768w, https:\/\/www.hobby-market.com\/wp-content\/uploads\/2020\/11\/Servizi.png 1920w\" sizes=\"(max-width: 1536px) 100vw, 1536px\" \/>\t\t\t\t\t\t\t\t\t\t\t\t\t\t\t<\/div>\n\t\t\t\t\t<\/div>\n\t\t<\/div>\n\t\t\t\t\t<\/div>\n\t\t<\/section>\n\t\t\t\t<section class=\"elementor-section elementor-top-section elementor-element elementor-element-7340b59 elementor-section-boxed elementor-section-height-default elementor-section-height-default\" data-id=\"7340b59\" data-element_type=\"section\" data-e-type=\"section\">\n\t\t\t\t\t\t<div class=\"elementor-container elementor-column-gap-default\">\n\t\t\t\t\t<div class=\"elementor-column elementor-col-100 elementor-top-column elementor-element elementor-element-4c19758\" data-id=\"4c19758\" data-element_type=\"column\" data-e-type=\"column\">\n\t\t\t<div class=\"elementor-widget-wrap elementor-element-populated\">\n\t\t\t\t\t\t<div class=\"elementor-element elementor-element-40873a2 elementor-widget elementor-widget-text-editor\" data-id=\"40873a2\" data-element_type=\"widget\" data-e-type=\"widget\" data-widget_type=\"text-editor.default\">\n\t\t\t\t\t\t\t\t\t<p data-start=\"197\" data-end=\"583\"><strong data-start=\"197\" data-end=\"223\">Hobby Market Canevisio<\/strong> \u00e8 il punto di riferimento per il bricolage e il fai da te a Treviglio e Cassano d\u2019Adda. Con oltre 30 anni di esperienza nel settore, offriamo non solo un\u2019ampia gamma di prodotti \u2013 dal materiale elettrico e idraulico alla ferramenta e colorificio \u2013 ma anche soluzioni complete per il rinnovamento, il restauro e la progettazione di ambienti interni ed esterni.<\/p><p data-start=\"585\" data-end=\"819\">Grazie alla competenza del nostro staff, puoi trasformare i tuoi spazi outdoor con impianti di irrigazione su misura, prenderti cura del verde con prodotti professionali e arredare giardini e terrazzi con mobili e barbecue di qualit\u00e0.<\/p><p data-start=\"821\" data-end=\"995\">Rinnovare la tua casa diventa semplice: il nostro servizio di falegnameria realizza lavorazioni personalizzate, tagli su misura e mobili progettati in base alle tue esigenze.<\/p><p data-start=\"997\" data-end=\"1223\">Per dare nuova vita agli ambienti, mettiamo a disposizione un servizio tintometrico preciso e professionale, insieme ad attrezzature che ti permettono di ottenere risultati eccellenti in autonomia, in perfetto stile fai da te.<\/p><p data-start=\"1225\" data-end=\"1480\">Offriamo inoltre numerosi servizi su misura, tra cui la realizzazione di zanzariere, tende (veneziane, a rullo, plissettate e in ciniglia) e soluzioni personalizzate per ogni esigenza. Anche per le cornici, se non trovi ci\u00f2 che cerchi, lo realizziamo noi.<\/p><p data-start=\"1482\" data-end=\"1723\">Nei nostri punti vendita puoi trovare tutto il necessario per il bagno \u2013 box doccia, mobili, sanitari e accessori \u2013 oltre a soluzioni moderne per l\u2019illuminazione, con particolare attenzione al risparmio energetico grazie alla tecnologia LED.<\/p><p>\u00a0<\/p><p data-start=\"1725\" data-end=\"1837\"><strong data-start=\"1725\" data-end=\"1837\">Hobby Market Canevisio \u00e8 questo e molto di pi\u00f9: esperienza, qualit\u00e0 e soluzioni su misura per ogni progetto.<\/strong><\/p>\t\t\t\t\t\t\t\t<\/div>\n\t\t\t\t\t<\/div>\n\t\t<\/div>\n\t\t\t\t\t<\/div>\n\t\t<\/section>\n\t\t\t\t<\/div>\n\t\t","protected":false},"excerpt":{"rendered":"<p>Servizi Taglio legno Taglio legno &#8211; taglio e lavorazioni su pannelli di legno, mobili su misura, falegnameria Taglio Servizio taglio di zerbini, prato sintetico e linoleum su misura Tessuti su misura Taglio di tessuti, zerbini e linoleum su misura Progettazione Progettazione pergole e strutture in legno su misura Tintometro Pitture e vernici in oltre 1200 [&hellip;]<\/p>\n","protected":false},"author":1,"featured_media":0,"parent":0,"menu_order":0,"comment_status":"closed","ping_status":"closed","template":"","meta":{"footnotes":""},"class_list":["post-16","page","type-page","status-publish","hentry"],"_links":{"self":[{"href":"https:\/\/www.hobby-market.com\/index.php\/wp-json\/wp\/v2\/pages\/16","targetHints":{"allow":["GET"]}}],"collection":[{"href":"https:\/\/www.hobby-market.com\/index.php\/wp-json\/wp\/v2\/pages"}],"about":[{"href":"https:\/\/www.hobby-market.com\/index.php\/wp-json\/wp\/v2\/types\/page"}],"author":[{"embeddable":true,"href":"https:\/\/www.hobby-market.com\/index.php\/wp-json\/wp\/v2\/users\/1"}],"replies":[{"embeddable":true,"href":"https:\/\/www.hobby-market.com\/index.php\/wp-json\/wp\/v2\/comments?post=16"}],"version-history":[{"count":18,"href":"https:\/\/www.hobby-market.com\/index.php\/wp-json\/wp\/v2\/pages\/16\/revisions"}],"predecessor-version":[{"id":1714,"href":"https:\/\/www.hobby-market.com\/index.php\/wp-json\/wp\/v2\/pages\/16\/revisions\/1714"}],"wp:attachment":[{"href":"https:\/\/www.hobby-market.com\/index.php\/wp-json\/wp\/v2\/media?parent=16"}],"curies":[{"name":"wp","href":"https:\/\/api.w.org\/{rel}","templated":true}]}}