{"id":3,"date":"2020-11-23T18:02:37","date_gmt":"2020-11-23T18:02:37","guid":{"rendered":"https:\/\/rsi-grafica.it\/?page_id=3"},"modified":"2021-10-06T16:56:33","modified_gmt":"2021-10-06T14:56:33","slug":"privacy-policy","status":"publish","type":"page","link":"https:\/\/www.hobby-market.com\/index.php\/privacy-policy\/","title":{"rendered":"Privacy Policy"},"content":{"rendered":"\t\t<div data-elementor-type=\"wp-page\" data-elementor-id=\"3\" class=\"elementor elementor-3\" data-elementor-post-type=\"page\">\n\t\t\t\t\t\t<section class=\"elementor-section elementor-top-section elementor-element elementor-element-ab8d7b9 elementor-section-boxed elementor-section-height-default elementor-section-height-default\" data-id=\"ab8d7b9\" data-element_type=\"section\" data-e-type=\"section\">\n\t\t\t\t\t\t<div class=\"elementor-container elementor-column-gap-default\">\n\t\t\t\t\t<div class=\"elementor-column elementor-col-100 elementor-top-column elementor-element elementor-element-820bbb9\" data-id=\"820bbb9\" data-element_type=\"column\" data-e-type=\"column\">\n\t\t\t<div class=\"elementor-widget-wrap elementor-element-populated\">\n\t\t\t\t\t\t<div class=\"elementor-element elementor-element-791cb0a elementor-widget elementor-widget-spacer\" data-id=\"791cb0a\" data-element_type=\"widget\" data-e-type=\"widget\" data-widget_type=\"spacer.default\">\n\t\t\t\t\t\t\t<div class=\"elementor-spacer\">\n\t\t\t<div class=\"elementor-spacer-inner\"><\/div>\n\t\t<\/div>\n\t\t\t\t\t\t<\/div>\n\t\t\t\t\t<\/div>\n\t\t<\/div>\n\t\t\t\t\t<\/div>\n\t\t<\/section>\n\t\t\t\t<section class=\"elementor-section elementor-top-section elementor-element elementor-element-4c2523d elementor-section-boxed elementor-section-height-default elementor-section-height-default\" data-id=\"4c2523d\" data-element_type=\"section\" data-e-type=\"section\">\n\t\t\t\t\t\t<div class=\"elementor-container elementor-column-gap-default\">\n\t\t\t\t\t<div class=\"elementor-column elementor-col-100 elementor-top-column elementor-element elementor-element-f6f4d98\" data-id=\"f6f4d98\" data-element_type=\"column\" data-e-type=\"column\">\n\t\t\t<div class=\"elementor-widget-wrap elementor-element-populated\">\n\t\t\t\t\t\t<div class=\"elementor-element elementor-element-e5ab1ec elementor-widget elementor-widget-heading\" data-id=\"e5ab1ec\" data-element_type=\"widget\" data-e-type=\"widget\" data-widget_type=\"heading.default\">\n\t\t\t\t\t<h2 class=\"elementor-heading-title elementor-size-default\">Politica sulla Privacy<\/h2>\t\t\t\t<\/div>\n\t\t\t\t\t<\/div>\n\t\t<\/div>\n\t\t\t\t\t<\/div>\n\t\t<\/section>\n\t\t\t\t<section class=\"elementor-section elementor-top-section elementor-element elementor-element-43ff9160 elementor-section-boxed elementor-section-height-default elementor-section-height-default\" data-id=\"43ff9160\" data-element_type=\"section\" data-e-type=\"section\">\n\t\t\t\t\t\t<div class=\"elementor-container elementor-column-gap-default\">\n\t\t\t\t\t<div class=\"elementor-column elementor-col-100 elementor-top-column elementor-element elementor-element-70c3300a\" data-id=\"70c3300a\" data-element_type=\"column\" data-e-type=\"column\">\n\t\t\t<div class=\"elementor-widget-wrap elementor-element-populated\">\n\t\t\t\t\t\t<div class=\"elementor-element elementor-element-4eba5158 elementor-widget elementor-widget-text-editor\" data-id=\"4eba5158\" data-element_type=\"widget\" data-e-type=\"widget\" data-widget_type=\"text-editor.default\">\n\t\t\t\t\t\t\t\t\t<p>La vostra privacy \u00e8 molto importante per Hobby Market Canevisio e per tutelarvi al meglio, vi forniamo queste note in cui troverete indicazioni sul tipo di informazioni raccolte online e sulle varie possibilit\u00e0 che avete di intervenire nella raccolta e nell\u2019utilizzo di tali informazioni nel sito.<\/p><p>Si tratta di un\u2019informativa resa ai sensi dell\u2019art.13 del Regolamento UE n. 2016\/679 (c.d. \u201cGDPR\u201d) del Parlamento Europeo e del Consiglio del 27 aprile 2016 \u201crelativo alla protezione delle persone fisiche con riguardo al trattamento dei dati personali, nonch\u00e9 alla libera circolazione di tali dati e che abroga la direttiva 95\/46\/CE (regolamento generale sulla protezione dei dati)\u201d a coloro che interagiscono con i servizi Web di Hobby Market Canevisio, accessibili per via telematica a partire dall\u2019indirizzo: https:\/\/www.hobby-market.com\/ corrispondente alla pagina iniziale del sito ufficiale di Hobby Market Canevisio.<\/p><p>L\u2019informativa \u00e8 resa solo per il sito di Hobby Market Canevisio\u00a0e non anche per altri siti Web eventualmente consultati dall\u2019utente tramite link.<\/p><p>L\u2019informativa presenta altres\u00ec, quale riferimento normativo specifico, il provvedimento del Garante nazionale per la protezione dei dati personali n. 229 dell\u20198 maggio 2014 \u201cindividuazione delle modalit\u00e0 semplificate per l\u2019informativa e l\u2019acquisizione del consenso per l\u2019uso dei cookie \u2013 8 maggio 2014\u201d, come pubblicato sulla Gazzetta Ufficiale n. 126 del 3 giugno 2014 ed i relativi chiarimenti riportati al seguente link:<\/p><p><a href=\"http:\/\/www.garanteprivacy.it\/web\/guest\/home\/docweb\/-\/docweb-display\/docweb\/4006878\">http:\/\/www.garanteprivacy.it\/web\/guest\/home\/docweb\/-\/docweb-display\/docweb\/4006878<\/a><\/p><p>Scopo del provvedimento essendo quello d\u2019individuare alcuni requisiti minimi per la raccolta di dati personali on-line, e, in particolare, le modalit\u00e0, i tempi e la natura delle informazioni che i titolari del trattamento devono fornire agli utenti quando questi si collegano a pagine web, indipendentemente dagli scopi del collegamento.<\/p><p><strong>Il Titolare del trattamento<\/strong><\/p><p>A seguito della consultazione di questo sito possono essere trattati dati relativi a persone identificate o identificabili. Il Titolare del trattamento dei dati \u00e8 Hobby Market Canevisio, nella persona del Legale Rappresentante, contattabile attraverso comunicazione scritta agli indirizzi in calce ad ogni pagina del sito\u00a0https:\/\/www.hobby-market.com\/\u00a0<span style=\"color: var( --e-global-color-text ); font-family: var( --e-global-typography-text-font-family ), Sans-serif; font-weight: var( --e-global-typography-text-font-weight ); font-size: 1rem;\">Tipi di dati trattati<\/span><\/p><p>I sistemi informatici e le procedure software preposte al funzionamento di questo sito Web acquisiscono, nel corso del loro normale esercizio, alcuni dati personali la cui trasmissione \u00e8 implicita nell\u2019uso dei protocolli di comunicazione di Internet. Si tratta di informazioni che non sono raccolte per essere associate a interessati identificati, ma che per loro stessa natura potrebbero, attraverso elaborazioni ed associazioni con dati detenuti da terzi, permettere di identificare gli utenti.<\/p><p>In questa categoria di dati rientrano gli indirizzi IP o i nomi a dominio dei computer utilizzati dagli utenti che si connettono al sito, gli indirizzi in notazione URI (c.d. \u201cUniform Resource Identifier\u201d) delle risorse richieste, l\u2019orario della richiesta, il metodo utilizzato nel sottoporre la richiesta al server, la dimensione del file ottenuto in risposta, il codice numerico indicante lo stato della risposta data dal server (buon fine, errore, ecc.) ed altri parametri relativi al sistema operativo e all\u2019ambiente informatico dell\u2019utente.<\/p><p>Questi dati vengono utilizzati al solo fine di ricavare informazioni statistiche anonime sull\u2019uso del sito e per controllarne il corretto funzionamento. I dati potrebbero essere utilizzati per l\u2019accertamento di responsabilit\u00e0 in caso di ipotetici reati informatici ai danni del sito solo su richiesta degli organi di vigilanza preposti.<\/p><p>L\u2019invio facoltativo, esplicito e volontario di posta elettronica agli indirizzi indicati su questo sito comporta la successiva acquisizione dell\u2019indirizzo del mittente, necessario per rispondere alle richieste, nonch\u00e9 degli eventuali altri dati personali inseriti nella missiva.<\/p><p>Facoltativit\u00e0 del conferimento dei dati<\/p><p>A parte quanto specificato per i dati di navigazione, l\u2019utente \u00e8 libero di fornire i dati personali riportati nei moduli di richiesta a Hobby Market Canevisio o comunque indicati in contatti per sollecitare l\u2019invio di materiale informativo o di altre comunicazioni. Il loro mancato conferimento pu\u00f2 comportare l\u2019impossibilit\u00e0 di ottenere quanto richiesto.<\/p><p><strong>Minorenni<\/strong><\/p><p>In conformit\u00e0 a quanto all\u2019art. 8 del GDPR, nessuna persona di et\u00e0 inferiore ai 16 anni, senza previo consenso dei genitori o di chi ne fa le veci, potr\u00e0 inviare informazioni a questo sito Web, n\u00e9 tantomeno potr\u00e0 fare acquisti o perfezionare atti legali presso questo sito senza il suddetto consenso, a meno che ci\u00f2 non sia consentito dalle norme in vigore.<\/p><p><strong>Modalit\u00e0 del trattamento<\/strong><\/p><p>I dati personali sono trattati con strumenti automatizzati per il tempo strettamente necessario a conseguire gli scopi per cui sono stati raccolti. Conformemente all\u2019art. 32 del GDPR, specifiche misure di sicurezza sono osservate per prevenire la perdita dei dati, usi illeciti o non corretti ed accessi non autorizzati.<\/p><p><strong>Diritti degli interessati<\/strong><\/p><p>I soggetti cui si riferiscono i dati personali hanno il diritto in qualunque momento di ottenere la conferma dell\u2019esistenza o meno dei medesimi dati e di conoscerne il contenuto e l\u2019origine (rif. art.15, GDPR \u201cdiritto di accesso dell\u2019interessato\u201d), verificarne l\u2019esattezza o chiederne l\u2019integrazione o l\u2019aggiornamento, oppure la rettificazione (rif. art.16, GDPR \u201cdiritto di rettifica\u201d). Ai sensi del GDPR si ha inoltre il diritto di chiedere la cancellazione o la trasformazione in forma anonima (rif. art. 17 \u201cdiritto alla cancellazione\u201d) oppure la limitazione o il blocco (rif. art. 18 \u201cdiritto di limitazione di trattamento\u201d) dei dati trattati in violazione di legge, nonch\u00e9 di revocare (rif. art. 7, paragrafo 3 \u201ccondizioni per il consenso\u201d) o opporsi in ogni caso, per motivi legittimi, (rif. art. 21 \u201cdiritto di opposizione\u201d ed art. 77 \u201cdiritto di proporre reclamo all\u2019autorit\u00e0 di controllo\u201d) al loro trattamento.<\/p><p>Chiunque dovesse avere dubbi riguardanti il rispetto della politica per la tutela della privacy adottata da Hobby Market Canevisio, la sua applicazione, l\u2019accuratezza dei propri dati personali o l\u2019utilizzo delle informazioni raccolte pu\u00f2 contattare il Titolare del trattamento attraverso comunicazione scritta agli indirizzi in calce ad ogni pagina del sito istituzionale https:\/\/www.hobby-market.com\/<\/p><p><strong>Divulgazione delle informazioni personali<\/strong><\/p><p>Tranne che nei casi descritti nella presente informativa, le informazioni personali non saranno mai divulgate.<\/p><p><strong>Che cosa sono i Cookie<\/strong><\/p><p>I cookie sono brevi frammenti di testo (lettere e\/o numeri) che permettono al server web di memorizzare sul client (il browser) informazioni da riutilizzare nel corso della medesima visita al sito (cookie di sessione) o in seguito, anche per lunghi periodi (cookie persistenti). I cookie vengono memorizzati, in base alle preferenze dell\u2019utente, dal singolo browser sullo specifico dispositivo utilizzato (computer, tablet, smartphone). Tecnologie similari sono utilizzabili per raccogliere informazioni sul comportamento dell\u2019utente e sull\u2019utilizzo dei servizi.<\/p><p>Nel seguito di questo documento faremo riferimento ai cookie e a tutte le tecnologie similari utilizzando semplicemente il termine \u201ccookie\u201d.<\/p><p><strong>Quali sono le principali tipologie di Cookie<\/strong><\/p><p>In base alle caratteristiche e all\u2019utilizzo dei cookie possiamo distinguere diverse categorie:<\/p><p>Cookie strettamente necessari o cookie tecnici. Si tratta di cookie indispensabili per il corretto funzionamento del nostro sito e sono utilizzati per gestire il login e l\u2019accesso alle funzioni riservate del sito, in generale per velocizzare, migliorare o personalizzare il livello di servizio agli utenti. La durata dei cookie \u00e8 o strettamente limitata alla sessione di lavoro (chiuso il browser vengono cancellati), o di durata pi\u00f9 lunga, volti a riconoscere il computer del visitatore. La loro disattivazione pu\u00f2 compromette l\u2019utilizzo dei servizi accessibili da login, mentre la parte pubblica del sito resta normalmente utilizzabile.<\/p><p>Cookie di analisi e prestazioni. Sono cookie utilizzati per raccogliere e analizzare il traffico e l\u2019utilizzo del sito in modo anonimo ed in forma aggregata. Questi cookie, di prima o di terza parte, pur senza identificare l\u2019utente consentono per esempio di rilevare se il medesimo utente torna a collegarsi in momenti diversi. Permettono inoltre di monitorare il sistema e migliorarne le prestazioni e l\u2019usabilit\u00e0. La disattivazione di tali cookie pu\u00f2 essere eseguita senza alcuna perdita di funzionalit\u00e0.<\/p><p>Cookie di profilazione. Si tratta di cookie permanenti utilizzati per identificare (in modo anonimo e non) le preferenze dell\u2019utente e migliorare la sua esperienza di navigazione, al fine di inviare messaggi pubblicitari in linea con le preferenze manifestate dallo stesso nell\u2019ambito della navigazione in rete. In ragione della particolare invasivit\u00e0 che tali dispositivi possono avere nell\u2019ambito della sfera privata degli utenti, la normativa europea e italiana prevedono che l\u2019utente debba essere adeguatamente informato sull\u2019uso degli stessi ed esprimere cos\u00ec il proprio valido consenso.<\/p><p>Cookie di terze parti. Visitando un sito web si possono ricevere cookie sia dal sito visitato (proprietario o editore), sia da siti gestiti da altre organizzazioni (terze parti) per il tramite del primo. Un esempio \u00e8 rappresentato dalla presenza dei \u201csocial plugin\u201d (p.e. Facebook, Twitter, Google+) finalizzato alla condivisione dei contenuti sui social network. La presenza di questi plugin comporta la trasmissione di cookie da e verso tutti i siti gestiti da terze parti. La gestione delle informazioni raccolte da terze parti \u00e8 disciplinata dalle relative informative cui si prega di fare riferimento.<\/p><p>Facebook: <a href=\"https:\/\/www.facebook.com\/policies\/cookies\/\">https:\/\/www.facebook.com\/policies\/cookies\/<\/a><\/p><p>Google: <a href=\"https:\/\/policies.google.com\/technologies\/types?hl=it\">https:\/\/policies.google.com\/technologies\/types?hl=it<\/a><\/p><p>Google Analytics<\/p><p>E\u2019 un servizio di analisi del traffico web fornito da Google, utilizzato per monitorare e migliorare le prestazioni del sito ospite (performance cookie). Google Analytics pu\u00f2 raccogliere e analizzare in forma anonima le informazioni sui comportamenti di utilizzo. Tali informazioni vengono raccolte da Google Analytics, che le elabora allo scopo di redigere report sui siti web stessi. Questo sito, mediante l\u2019anonimizzazione dell\u2019indirizzo IP dell\u2019utente, non utilizza (e non consente a terzi di utilizzare) lo strumento di analisi di Google per monitorare o per raccogliere informazioni personali di identificazione. Google non associa l\u2019indirizzo IP a nessun altro dato posseduto da Google n\u00e9 cerca di collegare un indirizzo IP con l\u2019identit\u00e0 di un utente. Google pu\u00f2 anche comunicare queste informazioni a terzi ove ci\u00f2 sia imposto dalla legge o laddove tali terzi trattino le suddette informazioni per conto di Google.<\/p><p>Per ulteriori informazioni, si rinvia al link di seguito indicato:<\/p><p><a href=\"https:\/\/www.google.it\/policies\/privacy\/partners\/\">https:\/\/www.google.it\/policies\/privacy\/partners\/<\/a><\/p><p>L\u2019utente pu\u00f2 disabilitare in modo selettivo l\u2019azione di Google Analytics installando sul proprio browser la componente di opt-out fornito da Google. Per disabilitare l\u2019azione di Google Analytics, si rinvia al link di seguito indicato:<\/p><p><a href=\"https:\/\/tools.google.com\/dlpage\/gaoptout?hl=it\">https:\/\/tools.google.com\/dlpage\/gaoptout?hl=it<\/a><\/p><p><strong>Cookies utilizzati<\/strong><\/p><p>L\u2019utente pu\u00f2 scegliere se accettare o meno i cookie modificando le impostazioni del suo browser. Il nostro sito, come la maggior parte dei siti, non funziona correttamente senza cookie. Quindi, se l\u2019utente sceglie di disattivare i cookie, deve essere consapevole che la maggior parte delle sezioni non funzioneranno correttamente.<\/p><p>Il presente sito utilizza i seguenti tipi di cookie e in particolare:<\/p><p>cookie di sessione. Contribuiscono al funzionamento del sito. Senza questi cookie, il sito web non funzionerebbe nel modo migliore per l\u2019utente. L\u2019uso dei cookie di sessione (che non vengono memorizzati in modo persistente sul computer dell\u2019utente e svaniscono con la chiusura del browser) \u00e8 strettamente limitato alla trasmissione di identificativi di sessione necessari per consentire l\u2019esplorazione sicura ed efficiente del sito;<\/p><p>cookie funzionali raccolgono informazioni sulle scelte e preferenze dell\u2019utente, e ci permettono di personalizzare l\u2019esperienza di navigazione dell\u2019utente stesso;<\/p><p>cookie statistici di terza-parte con mascheratura IP e senza incrocio dati (Google Analytics). Servono a raccogliere informazioni e generare statistiche di utilizzo del sito web per comprendere come interagiscono i visitatori;<\/p><p>cookie terze parti. I cookie di terze parti sono cookie provenienti da altri siti e contenuti in vari elementi ospitati sulla pagina stessa. Facebook, Google, ecc\u2026<\/p><p>Non viene fatto uso di cookie di profilazione ovvero di cookie per la trasmissione di informazioni di carattere personale dell\u2019utente, n\u00e9 vengono utilizzati cookie persistenti di alcun tipo, ovvero sistemi per il tracciamento degli utenti volti a rilevarne abitudini o preferenze.<\/p><p>Come disabilitare i cookie dal proprio browser<\/p><p>L\u2019utente pu\u00f2 anche decidere se accettare o meno i cookie utilizzando le impostazioni del proprio browser.<\/p><p>Attenzione: la disabilitazione totale o parziale dei cookie tecnici pu\u00f2 compromettere l\u2019utilizzo delle funzionalit\u00e0 del sito riservate agli utenti registrati. Al contrario, la fruibilit\u00e0 dei contenuti pubblici \u00e8 possibile anche disabilitando completamente i cookie.<\/p><p>La disabilitazione dei cookie di terze parti non pregiudica in alcun modo la navigabilit\u00e0. L\u2019impostazione pu\u00f2 essere definita in modo specifico per i diversi siti e applicazioni web. Inoltre i migliori browser consentono di definire impostazioni diverse per i cookie proprietari e per quelli di terze parti.<\/p><p>A titolo di esempio, in Mozilla Firefox, attraverso il menu Strumenti-&gt;Opzioni -&gt;Privacy, \u00e8 possibile accedere ad un pannello di controllo dove \u00e8 possibile definire se accettare o meno i diversi tipi di cookie e procedere alla loro rimozione.<\/p><p>Per negare il consenso all\u2019utilizzo di uno pi\u00f9 cookie l\u2019utente potr\u00e0 accedere al Link in funzione del proprio browser:<\/p><p>Google Chrome:<\/p><p><a href=\"https:\/\/support.google.com\/chrome\/answer\/95647?hl=it\">https:\/\/support.google.com\/chrome\/answer\/95647?hl=it<\/a><\/p><p>Mozilla Firefox:<\/p><p><a href=\"https:\/\/support.mozilla.org\/it\/kb\/Gestione%20dei%20cookie\">https:\/\/support.mozilla.org\/it\/kb\/Gestione%20dei%20cookie<\/a><\/p><p>Microsoft Windows Explorer:<\/p><p><a href=\"https:\/\/support.microsoft.com\/it-it\/help\/17442\/windows-internet-explorer-delete-manage-cookies\">https:\/\/support.microsoft.com\/it-it\/help\/17442\/windows-internet-explorer-delete-manage-cookies<\/a><\/p><p>Opera Browser:<\/p><p><a href=\"http:\/\/help.opera.com\/Windows\/10.00\/it\/cookies.html\">http:\/\/help.opera.com\/Windows\/10.00\/it\/cookies.html<\/a><\/p><p>Apple Safari:<\/p><p><a href=\"http:\/\/support.apple.com\/kb\/HT1677?viewlocale=it_IT\">http:\/\/support.apple.com\/kb\/HT1677?viewlocale=it_IT<\/a><\/p>\t\t\t\t\t\t\t\t<\/div>\n\t\t\t\t\t<\/div>\n\t\t<\/div>\n\t\t\t\t\t<\/div>\n\t\t<\/section>\n\t\t\t\t<\/div>\n\t\t","protected":false},"excerpt":{"rendered":"<p>Politica sulla Privacy La vostra privacy \u00e8 molto importante per Hobby Market Canevisio e per tutelarvi al meglio, vi forniamo queste note in cui troverete indicazioni sul tipo di informazioni raccolte online e sulle varie possibilit\u00e0 che avete di intervenire nella raccolta e nell\u2019utilizzo di tali informazioni nel sito. Si tratta di un\u2019informativa resa ai [&hellip;]<\/p>\n","protected":false},"author":1,"featured_media":0,"parent":0,"menu_order":0,"comment_status":"closed","ping_status":"closed","template":"","meta":{"footnotes":""},"class_list":["post-3","page","type-page","status-publish","hentry"],"_links":{"self":[{"href":"https:\/\/www.hobby-market.com\/index.php\/wp-json\/wp\/v2\/pages\/3","targetHints":{"allow":["GET"]}}],"collection":[{"href":"https:\/\/www.hobby-market.com\/index.php\/wp-json\/wp\/v2\/pages"}],"about":[{"href":"https:\/\/www.hobby-market.com\/index.php\/wp-json\/wp\/v2\/types\/page"}],"author":[{"embeddable":true,"href":"https:\/\/www.hobby-market.com\/index.php\/wp-json\/wp\/v2\/users\/1"}],"replies":[{"embeddable":true,"href":"https:\/\/www.hobby-market.com\/index.php\/wp-json\/wp\/v2\/comments?post=3"}],"version-history":[{"count":0,"href":"https:\/\/www.hobby-market.com\/index.php\/wp-json\/wp\/v2\/pages\/3\/revisions"}],"wp:attachment":[{"href":"https:\/\/www.hobby-market.com\/index.php\/wp-json\/wp\/v2\/media?parent=3"}],"curies":[{"name":"wp","href":"https:\/\/api.w.org\/{rel}","templated":true}]}}